{"id":53,"date":"2010-02-05T21:37:05","date_gmt":"2010-02-06T02:37:05","guid":{"rendered":"http:\/\/juanahammamnotaire.com\/?page_id=53"},"modified":"2010-02-20T15:21:56","modified_gmt":"2010-02-20T20:21:56","slug":"services-2","status":"publish","type":"page","link":"https:\/\/www.juanahammam.com\/fr\/services-2\/","title":{"rendered":"Services"},"content":{"rendered":"<ul>\n<li><strong>Immobilier<\/strong>\n<ul>\n<li>Offre d&rsquo;achat<\/li>\n<li>Vente<\/li>\n<li>Financement hypoth\u00e9caire<\/li>\n<li>Quittance \/ Mainlev\u00e9e<\/li>\n<li>Examen des Titres<\/li>\n<li>Servitude<\/li>\n<\/ul>\n<\/li>\n<li><strong>R\u00e8glement de succession<\/strong><\/li>\n<li><strong>Testament<\/strong><\/li>\n<li><strong>Mandat en Pr\u00e9vision d&rsquo;inaptitude<\/strong><\/li>\n<li><strong>Procuration g\u00e9n\u00e9rale ou sp\u00e9cifique<\/strong><\/li>\n<li><strong>Affidavit et D\u00e9claration asserment\u00e9e<\/strong><\/li>\n<li><strong>Authorisation de voyage<\/strong><\/li>\n<li><strong>C\u00e9l\u00e9bration de Marriage et Union Civile<\/strong><\/li>\n<li><strong>Contrat de Marriage<\/strong><\/li>\n<\/ul>\n","protected":false},"excerpt":{"rendered":"<p>Immobilier Offre d&rsquo;achat Vente Financement hypoth\u00e9caire Quittance \/ Mainlev\u00e9e Examen des Titres Servitude R\u00e8glement de succession Testament Mandat en Pr\u00e9vision d&rsquo;inaptitude Procuration g\u00e9n\u00e9rale ou sp\u00e9cifique Affidavit et D\u00e9claration asserment\u00e9e Authorisation de voyage C\u00e9l\u00e9bration de Marriage et Union Civile Contrat de Marriage<\/p>\n","protected":false},"author":1,"featured_media":0,"parent":0,"menu_order":1,"comment_status":"closed","ping_status":"open","template":"","meta":[],"yoast_head":"<!-- This site is optimized with the Yoast SEO plugin v16.2 - https:\/\/yoast.com\/wordpress\/plugins\/seo\/ -->\n<meta name=\"robots\" content=\"index, follow, max-snippet:-1, max-image-preview:large, max-video-preview:-1\" \/>\n<link rel=\"canonical\" href=\"https:\/\/www.juanahammam.com\/fr\/services-2\/\" \/>\n<meta property=\"og:locale\" content=\"fr_FR\" \/>\n<meta property=\"og:type\" content=\"article\" \/>\n<meta property=\"og:title\" content=\"Services - Notaire Juana Hammam\" \/>\n<meta property=\"og:description\" content=\"Immobilier Offre d&rsquo;achat Vente Financement hypoth\u00e9caire Quittance \/ Mainlev\u00e9e Examen des Titres Servitude R\u00e8glement de succession Testament Mandat en Pr\u00e9vision d&rsquo;inaptitude Procuration g\u00e9n\u00e9rale ou sp\u00e9cifique Affidavit et D\u00e9claration asserment\u00e9e Authorisation de voyage C\u00e9l\u00e9bration de Marriage et Union Civile Contrat de Marriage\" \/>\n<meta property=\"og:url\" content=\"https:\/\/www.juanahammam.com\/fr\/services-2\/\" \/>\n<meta property=\"og:site_name\" content=\"Notaire Juana Hammam\" \/>\n<meta property=\"article:modified_time\" content=\"2010-02-20T20:21:56+00:00\" \/>\n<meta name=\"twitter:card\" content=\"summary_large_image\" \/>\n<script type=\"application\/ld+json\" class=\"yoast-schema-graph\">{\"@context\":\"https:\/\/schema.org\",\"@graph\":[{\"@type\":\"WebSite\",\"@id\":\"https:\/\/www.juanahammam.com\/#website\",\"url\":\"https:\/\/www.juanahammam.com\/\",\"name\":\"Notaire Juana Hammam\",\"description\":\"Notaire et Conseiller Juridique\",\"potentialAction\":[{\"@type\":\"SearchAction\",\"target\":\"https:\/\/www.juanahammam.com\/?s={search_term_string}\",\"query-input\":\"required name=search_term_string\"}],\"inLanguage\":\"fr-FR\"},{\"@type\":\"WebPage\",\"@id\":\"https:\/\/www.juanahammam.com\/fr\/services-2\/#webpage\",\"url\":\"https:\/\/www.juanahammam.com\/fr\/services-2\/\",\"name\":\"Services - Notaire Juana Hammam\",\"isPartOf\":{\"@id\":\"https:\/\/www.juanahammam.com\/#website\"},\"datePublished\":\"2010-02-06T02:37:05+00:00\",\"dateModified\":\"2010-02-20T20:21:56+00:00\",\"breadcrumb\":{\"@id\":\"https:\/\/www.juanahammam.com\/fr\/services-2\/#breadcrumb\"},\"inLanguage\":\"fr-FR\",\"potentialAction\":[{\"@type\":\"ReadAction\",\"target\":[\"https:\/\/www.juanahammam.com\/fr\/services-2\/\"]}]},{\"@type\":\"BreadcrumbList\",\"@id\":\"https:\/\/www.juanahammam.com\/fr\/services-2\/#breadcrumb\",\"itemListElement\":[{\"@type\":\"ListItem\",\"position\":1,\"item\":{\"@type\":\"WebPage\",\"@id\":\"https:\/\/www.juanahammam.com\/\",\"url\":\"https:\/\/www.juanahammam.com\/\",\"name\":\"Home\"}},{\"@type\":\"ListItem\",\"position\":2,\"item\":{\"@id\":\"https:\/\/www.juanahammam.com\/fr\/services-2\/#webpage\"}}]}]}<\/script>\n<!-- \/ Yoast SEO plugin. -->","_links":{"self":[{"href":"https:\/\/www.juanahammam.com\/fr\/wp-json\/wp\/v2\/pages\/53"}],"collection":[{"href":"https:\/\/www.juanahammam.com\/fr\/wp-json\/wp\/v2\/pages"}],"about":[{"href":"https:\/\/www.juanahammam.com\/fr\/wp-json\/wp\/v2\/types\/page"}],"author":[{"embeddable":true,"href":"https:\/\/www.juanahammam.com\/fr\/wp-json\/wp\/v2\/users\/1"}],"replies":[{"embeddable":true,"href":"https:\/\/www.juanahammam.com\/fr\/wp-json\/wp\/v2\/comments?post=53"}],"version-history":[{"count":24,"href":"https:\/\/www.juanahammam.com\/fr\/wp-json\/wp\/v2\/pages\/53\/revisions"}],"predecessor-version":[{"id":226,"href":"https:\/\/www.juanahammam.com\/fr\/wp-json\/wp\/v2\/pages\/53\/revisions\/226"}],"wp:attachment":[{"href":"https:\/\/www.juanahammam.com\/fr\/wp-json\/wp\/v2\/media?parent=53"}],"curies":[{"name":"wp","href":"https:\/\/api.w.org\/{rel}","templated":true}]}}