{"id":141,"date":"2010-02-09T22:31:33","date_gmt":"2010-02-10T03:31:33","guid":{"rendered":"http:\/\/juanahammamnotaire.com\/?page_id=141"},"modified":"2019-03-14T20:11:42","modified_gmt":"2019-03-14T20:11:42","slug":"contactez-nous-2","status":"publish","type":"page","link":"https:\/\/www.juanahammam.com\/fr\/contactez-nous-2\/","title":{"rendered":"Contactez-Nous"},"content":{"rendered":"<table border=\"0\" width=\"100%\" align=\"center\">\n<tbody>\n<tr>\n<td>\n<h5 style=\"text-align: center;\"><em><strong>1805, Rue Sauv\u00e9 Ouest, Suite 304<br \/>\nMontr\u00e9al, Qu\u00e9bec<br \/>\nH4N 3B8<\/strong><strong><br \/>\nT\u00e9l: (438) 380 &#8211; 4688<br \/>\nFax: (438) 380 &#8211; 4689<br \/>\nCourriel: notaire@juanahammam.com<\/strong><\/em><\/h5>\n<\/td>\n<td>\n<h5 style=\"text-align: center;\"><\/h5>\n<\/td>\n<\/tr>\n<\/tbody>\n<\/table>\n<p style=\"text-align: center;\">&#8212;&#8212;&#8212;&#8212;&#8212;&#8212;&#8212;&#8212;&#8212;&#8212;&#8212;-<\/p>\n<h5 style=\"text-align: center;\"><em><strong>Horraire:<\/strong><\/em><\/h5>\n<h5 style=\"text-align: center;\"><strong><em><strong>Lundi &#8211; Jeudi: 9:00 &#8211; 17:00<\/strong><\/em><\/strong><\/h5>\n<h5 style=\"text-align: center;\"><strong><strong><em><strong>Vendredi: 9:00 &#8211; 14:00<\/strong><\/em><\/strong><\/strong><\/h5>\n<p style=\"text-align: center;\">&#8212;&#8212;&#8212;&#8212;&#8212;&#8212;&#8212;&#8212;&#8212;&#8212;&#8212;-<\/p>\n<table border=\"0\" width=\"100%\" align=\"center\">\n<tbody>\n<tr>\n<td align=\"center\"><\/td>\n<\/tr>\n<\/tbody>\n<\/table>\n","protected":false},"excerpt":{"rendered":"<p>1805, Rue Sauv\u00e9 Ouest, Suite 304 Montr\u00e9al, Qu\u00e9bec H4N 3B8 T\u00e9l: (438) 380 &#8211; 4688 Fax: (438) 380 &#8211; 4689 Courriel: notaire@juanahammam.com &#8212;&#8212;&#8212;&#8212;&#8212;&#8212;&#8212;&#8212;&#8212;&#8212;&#8212;- Horraire: Lundi &#8211; Jeudi: 9:00 &#8211; 17:00 Vendredi: 9:00 &#8211; 14:00 &#8212;&#8212;&#8212;&#8212;&#8212;&#8212;&#8212;&#8212;&#8212;&#8212;&#8212;-<\/p>\n","protected":false},"author":1,"featured_media":0,"parent":0,"menu_order":5,"comment_status":"closed","ping_status":"open","template":"","meta":[],"yoast_head":"<!-- This site is optimized with the Yoast SEO plugin v16.2 - https:\/\/yoast.com\/wordpress\/plugins\/seo\/ -->\n<meta name=\"robots\" content=\"index, follow, max-snippet:-1, max-image-preview:large, max-video-preview:-1\" \/>\n<link rel=\"canonical\" href=\"https:\/\/www.juanahammam.com\/fr\/contactez-nous-2\/\" \/>\n<meta property=\"og:locale\" content=\"fr_FR\" \/>\n<meta property=\"og:type\" content=\"article\" \/>\n<meta property=\"og:title\" content=\"Contactez-Nous - Notaire Juana Hammam\" \/>\n<meta property=\"og:description\" content=\"1805, Rue Sauv\u00e9 Ouest, Suite 304 Montr\u00e9al, Qu\u00e9bec H4N 3B8 T\u00e9l: (438) 380 &#8211; 4688 Fax: (438) 380 &#8211; 4689 Courriel: notaire@juanahammam.com &#8212;&#8212;&#8212;&#8212;&#8212;&#8212;&#8212;&#8212;&#8212;&#8212;&#8212;- Horraire: Lundi &#8211; Jeudi: 9:00 &#8211; 17:00 Vendredi: 9:00 &#8211; 14:00 &#8212;&#8212;&#8212;&#8212;&#8212;&#8212;&#8212;&#8212;&#8212;&#8212;&#8212;-\" \/>\n<meta property=\"og:url\" content=\"https:\/\/www.juanahammam.com\/fr\/contactez-nous-2\/\" \/>\n<meta property=\"og:site_name\" content=\"Notaire Juana Hammam\" \/>\n<meta property=\"article:modified_time\" content=\"2019-03-14T20:11:42+00:00\" \/>\n<meta name=\"twitter:card\" content=\"summary_large_image\" \/>\n<script type=\"application\/ld+json\" class=\"yoast-schema-graph\">{\"@context\":\"https:\/\/schema.org\",\"@graph\":[{\"@type\":\"WebSite\",\"@id\":\"https:\/\/www.juanahammam.com\/#website\",\"url\":\"https:\/\/www.juanahammam.com\/\",\"name\":\"Notaire Juana Hammam\",\"description\":\"Notaire et Conseiller Juridique\",\"potentialAction\":[{\"@type\":\"SearchAction\",\"target\":\"https:\/\/www.juanahammam.com\/?s={search_term_string}\",\"query-input\":\"required name=search_term_string\"}],\"inLanguage\":\"fr-FR\"},{\"@type\":\"WebPage\",\"@id\":\"https:\/\/www.juanahammam.com\/fr\/contactez-nous-2\/#webpage\",\"url\":\"https:\/\/www.juanahammam.com\/fr\/contactez-nous-2\/\",\"name\":\"Contactez-Nous - Notaire Juana Hammam\",\"isPartOf\":{\"@id\":\"https:\/\/www.juanahammam.com\/#website\"},\"datePublished\":\"2010-02-10T03:31:33+00:00\",\"dateModified\":\"2019-03-14T20:11:42+00:00\",\"breadcrumb\":{\"@id\":\"https:\/\/www.juanahammam.com\/fr\/contactez-nous-2\/#breadcrumb\"},\"inLanguage\":\"fr-FR\",\"potentialAction\":[{\"@type\":\"ReadAction\",\"target\":[\"https:\/\/www.juanahammam.com\/fr\/contactez-nous-2\/\"]}]},{\"@type\":\"BreadcrumbList\",\"@id\":\"https:\/\/www.juanahammam.com\/fr\/contactez-nous-2\/#breadcrumb\",\"itemListElement\":[{\"@type\":\"ListItem\",\"position\":1,\"item\":{\"@type\":\"WebPage\",\"@id\":\"https:\/\/www.juanahammam.com\/\",\"url\":\"https:\/\/www.juanahammam.com\/\",\"name\":\"Home\"}},{\"@type\":\"ListItem\",\"position\":2,\"item\":{\"@id\":\"https:\/\/www.juanahammam.com\/fr\/contactez-nous-2\/#webpage\"}}]}]}<\/script>\n<!-- \/ Yoast SEO plugin. -->","_links":{"self":[{"href":"https:\/\/www.juanahammam.com\/fr\/wp-json\/wp\/v2\/pages\/141"}],"collection":[{"href":"https:\/\/www.juanahammam.com\/fr\/wp-json\/wp\/v2\/pages"}],"about":[{"href":"https:\/\/www.juanahammam.com\/fr\/wp-json\/wp\/v2\/types\/page"}],"author":[{"embeddable":true,"href":"https:\/\/www.juanahammam.com\/fr\/wp-json\/wp\/v2\/users\/1"}],"replies":[{"embeddable":true,"href":"https:\/\/www.juanahammam.com\/fr\/wp-json\/wp\/v2\/comments?post=141"}],"version-history":[{"count":30,"href":"https:\/\/www.juanahammam.com\/fr\/wp-json\/wp\/v2\/pages\/141\/revisions"}],"predecessor-version":[{"id":292,"href":"https:\/\/www.juanahammam.com\/fr\/wp-json\/wp\/v2\/pages\/141\/revisions\/292"}],"wp:attachment":[{"href":"https:\/\/www.juanahammam.com\/fr\/wp-json\/wp\/v2\/media?parent=141"}],"curies":[{"name":"wp","href":"https:\/\/api.w.org\/{rel}","templated":true}]}}