{"id":127,"date":"2010-02-09T22:15:27","date_gmt":"2010-02-10T03:15:27","guid":{"rendered":"http:\/\/juanahammamnotaire.com\/?page_id=127"},"modified":"2010-02-25T16:55:09","modified_gmt":"2010-02-25T21:55:09","slug":"index","status":"publish","type":"page","link":"https:\/\/www.juanahammam.com\/fr\/index\/","title":{"rendered":"Accueil"},"content":{"rendered":"<p>Bienvenue au site web officiel du Notaire Juana Hammam.<\/p>\n<p>Le notaire au Qu\u00e9bec a une mission tripartite.<\/p>\n<p><strong>Officier Public<\/strong><\/p>\n<p>En sa qualit\u00e9 d\u2019officier public, le notaire a pour mission de r\u00e9diger et de recevoir des actes authentiques, comme par exemple les actes de transfert de propri\u00e9t\u00e9 et les actes d\u2019hypoth\u00e8ques. Il doit alors agir avec impartialit\u00e9 dans son conseil.<\/p>\n<p><strong>Conseiller Juridique<\/strong><br \/>\nA chaque fois que vous \u00eates appel\u00e9s \u00e0 prendre des d\u00e9cisions qui produisent des effets juridiques, comme par exemple la signature d\u2019un bail, l\u2019achat d\u2019une propri\u00e9t\u00e9 ou m\u00eame un mariage, le notaire peut vous aider \u00e0 faire des choix \u00e9clair\u00e9s. Il vous propose des solutions qui facilitent votre prise de d\u00e9cision.<\/p>\n<p><strong>Auxiliaire de Justice<\/strong><\/p>\n<p>Depuis quelques ann\u00e9es d\u00e9j\u00e0, le notaire peut c\u00e9l\u00e9brer des mariages entre deux personnes de m\u00eame sexe ou de sexes diff\u00e9rents.<br \/>\nLe notaire peut aussi vous repr\u00e9senter dans le cadre des proc\u00e9dures non contentieuses, comme par exemple les demandes relatives \u00e0 l\u2019ouverture d\u2019un r\u00e9gime de protection au majeur, la tutelle au mineur et conseil de tutelle ainsi que la v\u00e9rification de testament (olographe ou en pr\u00e9sence de t\u00e9moins).<\/p>\n","protected":false},"excerpt":{"rendered":"<p>Bienvenue au site web officiel du Notaire Juana Hammam. Le notaire au Qu\u00e9bec a une mission tripartite. Officier Public En sa qualit\u00e9 d\u2019officier public, le notaire a pour mission de r\u00e9diger et de recevoir des actes authentiques, comme par exemple les actes de transfert de propri\u00e9t\u00e9 et les actes d\u2019hypoth\u00e8ques. Il doit alors agir avec [&hellip;]<\/p>\n","protected":false},"author":1,"featured_media":0,"parent":0,"menu_order":0,"comment_status":"closed","ping_status":"open","template":"","meta":[],"yoast_head":"<!-- This site is optimized with the Yoast SEO plugin v16.2 - https:\/\/yoast.com\/wordpress\/plugins\/seo\/ -->\n<meta name=\"robots\" content=\"index, follow, max-snippet:-1, max-image-preview:large, max-video-preview:-1\" \/>\n<link rel=\"canonical\" href=\"https:\/\/www.juanahammam.com\/fr\/index\/\" \/>\n<meta property=\"og:locale\" content=\"fr_FR\" \/>\n<meta property=\"og:type\" content=\"article\" \/>\n<meta property=\"og:title\" content=\"Accueil - Notaire Juana Hammam\" \/>\n<meta property=\"og:description\" content=\"Bienvenue au site web officiel du Notaire Juana Hammam. Le notaire au Qu\u00e9bec a une mission tripartite. Officier Public En sa qualit\u00e9 d\u2019officier public, le notaire a pour mission de r\u00e9diger et de recevoir des actes authentiques, comme par exemple les actes de transfert de propri\u00e9t\u00e9 et les actes d\u2019hypoth\u00e8ques. Il doit alors agir avec [&hellip;]\" \/>\n<meta property=\"og:url\" content=\"https:\/\/www.juanahammam.com\/fr\/index\/\" \/>\n<meta property=\"og:site_name\" content=\"Notaire Juana Hammam\" \/>\n<meta property=\"article:modified_time\" content=\"2010-02-25T21:55:09+00:00\" \/>\n<meta name=\"twitter:card\" content=\"summary_large_image\" \/>\n<meta name=\"twitter:label1\" content=\"Dur\u00e9e de lecture est.\">\n\t<meta name=\"twitter:data1\" content=\"1 minute\">\n<script type=\"application\/ld+json\" class=\"yoast-schema-graph\">{\"@context\":\"https:\/\/schema.org\",\"@graph\":[{\"@type\":\"WebSite\",\"@id\":\"https:\/\/www.juanahammam.com\/#website\",\"url\":\"https:\/\/www.juanahammam.com\/\",\"name\":\"Notaire Juana Hammam\",\"description\":\"Notaire et Conseiller Juridique\",\"potentialAction\":[{\"@type\":\"SearchAction\",\"target\":\"https:\/\/www.juanahammam.com\/?s={search_term_string}\",\"query-input\":\"required name=search_term_string\"}],\"inLanguage\":\"fr-FR\"},{\"@type\":\"WebPage\",\"@id\":\"https:\/\/www.juanahammam.com\/fr\/index\/#webpage\",\"url\":\"https:\/\/www.juanahammam.com\/fr\/index\/\",\"name\":\"Accueil - Notaire Juana Hammam\",\"isPartOf\":{\"@id\":\"https:\/\/www.juanahammam.com\/#website\"},\"datePublished\":\"2010-02-10T03:15:27+00:00\",\"dateModified\":\"2010-02-25T21:55:09+00:00\",\"breadcrumb\":{\"@id\":\"https:\/\/www.juanahammam.com\/fr\/index\/#breadcrumb\"},\"inLanguage\":\"fr-FR\",\"potentialAction\":[{\"@type\":\"ReadAction\",\"target\":[\"https:\/\/www.juanahammam.com\/fr\/index\/\"]}]},{\"@type\":\"BreadcrumbList\",\"@id\":\"https:\/\/www.juanahammam.com\/fr\/index\/#breadcrumb\",\"itemListElement\":[{\"@type\":\"ListItem\",\"position\":1,\"item\":{\"@type\":\"WebPage\",\"@id\":\"https:\/\/www.juanahammam.com\/\",\"url\":\"https:\/\/www.juanahammam.com\/\",\"name\":\"Home\"}},{\"@type\":\"ListItem\",\"position\":2,\"item\":{\"@id\":\"https:\/\/www.juanahammam.com\/fr\/index\/#webpage\"}}]}]}<\/script>\n<!-- \/ Yoast SEO plugin. -->","_links":{"self":[{"href":"https:\/\/www.juanahammam.com\/fr\/wp-json\/wp\/v2\/pages\/127"}],"collection":[{"href":"https:\/\/www.juanahammam.com\/fr\/wp-json\/wp\/v2\/pages"}],"about":[{"href":"https:\/\/www.juanahammam.com\/fr\/wp-json\/wp\/v2\/types\/page"}],"author":[{"embeddable":true,"href":"https:\/\/www.juanahammam.com\/fr\/wp-json\/wp\/v2\/users\/1"}],"replies":[{"embeddable":true,"href":"https:\/\/www.juanahammam.com\/fr\/wp-json\/wp\/v2\/comments?post=127"}],"version-history":[{"count":7,"href":"https:\/\/www.juanahammam.com\/fr\/wp-json\/wp\/v2\/pages\/127\/revisions"}],"predecessor-version":[{"id":273,"href":"https:\/\/www.juanahammam.com\/fr\/wp-json\/wp\/v2\/pages\/127\/revisions\/273"}],"wp:attachment":[{"href":"https:\/\/www.juanahammam.com\/fr\/wp-json\/wp\/v2\/media?parent=127"}],"curies":[{"name":"wp","href":"https:\/\/api.w.org\/{rel}","templated":true}]}}